{"id":896,"date":"2020-07-09T22:19:57","date_gmt":"2020-07-09T22:19:57","guid":{"rendered":"http:\/\/millenium-rj.com\/novo\/?page_id=896"},"modified":"2020-07-14T21:56:13","modified_gmt":"2020-07-14T21:56:13","slug":"laminados","status":"publish","type":"page","link":"http:\/\/millenium-rj.com\/?page_id=896","title":{"rendered":"Laminados"},"content":{"rendered":"    <!--[section]-->\n\t\t<style>\n.bd-section-1492572753 h1{\n\tline-height:  68.57142859px;\n\tfont-size:  48px;\n\tfont-weight:  bold;\n}\n<\/style>\t\t<section id=section4 class=\" bd-section-1492572753  bd-tagstyles\" data-section-title=\"One \u0421olumn\">\n\t\t\t<div class=\"bd-container-inner bd-margins clearfix\">\n\t\t\t\t<!--{content}-->\n\t\t\t\t\t    <!--[columns]-->\n        <style>\n.bd-layoutcontainer-1926521070  > .bd-container-inner > .container-fluid:after{display:none;}<\/style><style>\n.bd-layoutcontainer-1926521070 > .bd-container-inner > .container-fluid, .bd-layoutcontainer-1926521070 > .bd-container-inner > .container-fluid > .row{height:100%;}<\/style><style>.bd-layoutcontainer-1926521070 > .bd-container-inner > .container-fluid {padding-left: 0; padding-right: 0;margin-left: 0!important; margin-right: 0!important;}<\/style>        <style>\n.bd-layoutcolumn-583707102 h1{\n\ttext-align:  center;\n}\n<\/style>        <div class=\" bd-layoutcontainer-1926521070  bd-columns bd-no-margins\">\n            <div class=\"bd-container-inner\">\n                <div class=\"container-fluid\">\n                    <div class=\"row bd-row-flex bd-row-align-middle\">\n                        <!--{content}-->\n                                <!--[column]-->\n        <div class=\"col-xs-12 bd-columnwrapper-583707102\">\n            <div class=\"bd-column  bd-layoutcolumn-583707102 \">\n                <div class=\"bd-vertical-align-wrapper\">\n                    <!--{content}-->\n                            <!--[text]-->\n        <style>\n.additional-class-1298340194{background-color:#fff314;background-image:linear-gradient(0deg, rgba(0, 0, 0, 0) 0%, rgba(0, 0, 0, 0) 100%);background-image:-webkit-linear-gradient(90deg, rgba(0, 0, 0, 0) 0%, rgba(0, 0, 0, 0) 100%);background-image:-o-linear-gradient(90deg, rgba(0, 0, 0, 0) 0%, rgba(0, 0, 0, 0) 100%);background-image:-ms-linear-gradient(90deg, rgba(0, 0, 0, 0) 0%, rgba(0, 0, 0, 0) 100%);background-image:-moz-linear-gradient(90deg, rgba(0, 0, 0, 0) 0%, rgba(0, 0, 0, 0) 100%);background-repeat:repeat;background-attachment:scroll;background-position:0% 0%;-webkit-box-shadow:4px 4px 0px rgba(0, 0, 0, 0.2);-o-box-shadow:4px 4px 0px rgba(0, 0, 0, 0.2);-ms-box-shadow:4px 4px 0px rgba(0, 0, 0, 0.2);-moz-box-shadow:4px 4px 0px rgba(0, 0, 0, 0.2);box-shadow:4px 4px 0px rgba(0, 0, 0, 0.2);border:1px dotted #333333;}\nh1.additional-class-1298340194{\n\tcolor:  #ed3137;\n}\n<\/style>        <h1 class=\" additional-class-1298340194  bd-content-element\">\n            <!--{content}-->\n                LINHA LAMINADOS            <!--{\/content}-->\n        <\/h1>\n    <!--[\/text]-->\n                    <!--{\/content}-->\n                <\/div>\n            <\/div>\n        <\/div>\n    <!--[\/column]-->\n                        <!--{\/content}-->\n                    <\/div>\n                <\/div>\n            <\/div>\n        <\/div>\n    <!--[\/columns]-->\n\t\t\t\t<!--{\/content}-->\n\t\t\t<\/div>\n\t\t<\/section>\n\t<!--[\/section]-->\n\n    <!--[section]-->\n\t\t<style>\n.bd-section-1139562563{padding-bottom:1em;padding-top:1em;}\n.bd-section-1139562563{\n\tline-height:  27.2px;\n\ttext-align:  center;\n\tcolor:  #000000;\n\tfont-size:  16px;\n}\n.bd-section-1139562563 h4{\n\tline-height:  28.8px;\n\tfont-size:  24px;\n\tfont-weight:  500;\n\tmargin-top:  0.7em;\n\tmargin-bottom:  0.7em;\n}\n.bd-section-1139562563 h2{\n\tline-height:  30px;\n\tfont-size:  20px;\n\tletter-spacing:  1px;\n\tfont-weight:  400;\n\tfont-style:  normal;\n}\n.bd-section-1139562563 h1{\n\tline-height:  60px;\n\tfont-weight:  500;\n\tfont-size:  40px;\n\ttext-transform:  uppercase;\n\tletter-spacing:  1px;\n\tcolor:  #000000;\n}\n\n@media (max-width: 991px) {.bd-section-1139562563 h1{\n\tline-height:  42px;\n\tfont-size:  28px;\n}\n}<\/style>\t\t<section id=section4 class=\" bd-section-1139562563  bd-tagstyles\" data-section-title=\"Six Columns With Header\">\n\t\t\t<div class=\"bd-container-inner bd-margins clearfix\">\n\t\t\t\t<!--{content}-->\n\t\t\t\t\t    <!--[columns]-->\n        <style>\n.bd-layoutcontainer-158601459 > .bd-container-inner > .container-fluid > .row{height:calc(120%);margin:-10px;}\n.bd-layoutcontainer-158601459 > .bd-container-inner > .container-fluid > .row > div{padding:10px;}\n.bd-layoutcontainer-158601459  > .bd-container-inner > .container-fluid:after{display:none;}<\/style><style>\n.bd-layoutcontainer-158601459 > .bd-container-inner > .container-fluid, .bd-layoutcontainer-158601459 > .bd-container-inner > .container-fluid > .row{height:100%;}<\/style><style>.bd-layoutcontainer-158601459 > .bd-container-inner > .container-fluid {padding-left: 0; padding-right: 0;margin-left: 0!important; margin-right: 0!important;}<\/style>        <style>\n.bd-layoutcolumn-562670941{padding:10px;border:1px solid #dddddd;}\n@media (max-width: 767px) {.bd-layoutcolumn-562670941{padding:10px;}}<\/style>\n<style>\n.bd-layoutcolumn-968323762{padding:10px;border:1px solid #dddddd;}\n@media (max-width: 767px) {.bd-layoutcolumn-968323762{padding:10px;}}<\/style>\n<style>\n.bd-layoutcolumn-1838392135{padding:10px;border:1px solid #dddddd;}\n@media (max-width: 767px) {.bd-layoutcolumn-1838392135{padding:10px;}}<\/style>\n<style>\n.bd-layoutcolumn-474342352{position:relative;padding:10px;border:1px solid #dddddd;}\n@media (max-width: 767px) {.bd-layoutcolumn-474342352{padding:10px;}}<\/style>        <div class=\" bd-layoutcontainer-158601459  bd-columns bd-no-margins\">\n            <div class=\"bd-container-inner\">\n                <div class=\"container-fluid\">\n                    <div class=\"row bd-row-flex bd-row-align-top\">\n                        <!--{content}-->\n                            <!--[background_width]--><!--{content}-->    <!--[column]-->\n        <div class=\"col-md-3 col-sm-6 bd-columnwrapper-562670941\">\n            <div class=\"bd-column  bd-layoutcolumn-562670941 bd-background-width \">\n                <div class=\"bd-vertical-align-wrapper\">\n                    <!--{content}-->\n                        <!--[image]--><style>\n.additional-class-2120137067{width:220px;}<\/style><img src=\"http:\/\/millenium-rj.com\/novo\/wp-content\/uploads\/2020\/07\/beb2ee18f8edbb2d881f94b15272cafe_001.png\" class=\" additional-class-2120137067   bd-imagestyles bd-no-margins bd-own-margins\"><!--{content}--><!--{\/content}--><!--[\/image]-->                    <!--{\/content}-->\n                <\/div>\n            <\/div>\n        <\/div>\n    <!--[\/column]-->\n<!--{\/content}--><!--[\/background_width]-->\n\t\n\t\t    <!--[column]-->\n        <div class=\"col-md-3 col-sm-6 bd-columnwrapper-968323762\">\n            <div class=\"bd-column  bd-layoutcolumn-968323762 \">\n                <div class=\"bd-vertical-align-wrapper\">\n                    <!--{content}-->\n                        <!--[image]--><style>\n.additional-class-1507058710{width:220px;}<\/style><img src=\"http:\/\/millenium-rj.com\/novo\/wp-content\/uploads\/2020\/07\/05fa2c0691ecc4e9e45fdfc1080e6ed1_002.png\" class=\" additional-class-1507058710   bd-imagestyles bd-no-margins bd-own-margins\"><!--{content}--><!--{\/content}--><!--[\/image]-->                    <!--{\/content}-->\n                <\/div>\n            <\/div>\n        <\/div>\n    <!--[\/column]-->\n\n\t\n\t\t    <!--[column]-->\n        <div class=\"col-md-3 col-sm-6 bd-columnwrapper-1838392135\">\n            <div class=\"bd-column  bd-layoutcolumn-1838392135 \">\n                <div class=\"bd-vertical-align-wrapper\">\n                    <!--{content}-->\n                        <!--[image]--><style>\n.additional-class-2083955787{width:220px;}<\/style><img src=\"http:\/\/millenium-rj.com\/novo\/wp-content\/uploads\/2020\/07\/7a7d121554bca422e4a388fb89554703_003.png\" class=\" additional-class-2083955787   bd-imagestyles bd-no-margins bd-own-margins\"><!--{content}--><!--{\/content}--><!--[\/image]-->                    <!--{\/content}-->\n                <\/div>\n            <\/div>\n        <\/div>\n    <!--[\/column]-->\n\n\t\n\t\t    <!--[column]-->\n        <div class=\"col-md-3 col-sm-4 bd-columnwrapper-474342352\">\n            <div class=\"bd-column  bd-layoutcolumn-474342352 \">\n                <div class=\"bd-vertical-align-wrapper\">\n                    <!--{content}-->\n                        <!--[image]--><style>\n.additional-class-406227579{width:220px;}<\/style><img src=\"http:\/\/millenium-rj.com\/novo\/wp-content\/uploads\/2020\/07\/b54e53cf4b9ee0a2d0c9a65d5d5424fc_004.png\" class=\" additional-class-406227579   bd-imagestyles bd-no-margins bd-own-margins\"><!--{content}--><!--{\/content}--><!--[\/image]-->                    <!--{\/content}-->\n                <\/div>\n            <\/div>\n        <\/div>\n    <!--[\/column]-->\n                        <!--{\/content}-->\n                    <\/div>\n                <\/div>\n            <\/div>\n        <\/div>\n    <!--[\/columns]-->\n\t\t\t\t<!--{\/content}-->\n\t\t\t<\/div>\n\t\t<\/section>\n\t<!--[\/section]-->\n\n    <!--[section]-->\n\t\t<style>\n.bd-section-1409210446 h2{\n\tline-height:  42.85714287px;\n\tfont-size:  30px;\n}\n<\/style>\t\t<section id=section4 class=\" bd-section-1409210446  bd-tagstyles\" data-section-title=\"One \u0421olumn\">\n\t\t\t<div class=\"bd-container-inner bd-margins clearfix\">\n\t\t\t\t<!--{content}-->\n\t\t\t\t\t    <!--[columns]-->\n        <style>\n.bd-layoutcontainer-1589373624  > .bd-container-inner > .container-fluid:after{display:none;}<\/style><style>\n.bd-layoutcontainer-1589373624 > .bd-container-inner > .container-fluid, .bd-layoutcontainer-1589373624 > .bd-container-inner > .container-fluid > .row{height:100%;}<\/style><style>.bd-layoutcontainer-1589373624 > .bd-container-inner > .container-fluid {padding-left: 0; padding-right: 0;margin-left: 0!important; margin-right: 0!important;}<\/style>        <style>\n.bd-layoutcolumn-1947784772 h2{\n\ttext-align:  center;\n}\n<\/style>        <div class=\" bd-layoutcontainer-1589373624  bd-columns bd-no-margins\">\n            <div class=\"bd-container-inner\">\n                <div class=\"container-fluid\">\n                    <div class=\"row bd-row-flex bd-row-align-middle\">\n                        <!--{content}-->\n                                <!--[column]-->\n        <div class=\"col-xs-12 bd-columnwrapper-1947784772\">\n            <div class=\"bd-column  bd-layoutcolumn-1947784772 \">\n                <div class=\"bd-vertical-align-wrapper\">\n                    <!--{content}-->\n                            <!--[text]-->\n                <h2 class=\" additional-class-996317418  bd-content-element\">\n            <!--{content}-->\n                <h2 class=\"bd-textblock-341 bd-content-element user-selectable bd-preview-selected selection-frame-movable\" style=\"color: rgb(0, 0, 0); outline: 0px;\">SOLU\u00c7\u00d5ES PARA VENDA EM SEU COM\u00c9RCIO. ATENDEMOS EM TODO O BRASIL.<\/h2>            <!--{\/content}-->\n        <\/h2>\n    <!--[\/text]-->\n\n\t\n\t\t\n    <!--[spacer]-->\n    <style>\n.bd-spacer-1703751239{height:60px;}<\/style>    <div class=\" bd-spacer-1703751239  clearfix\">\n        <!--{content}--><!--{\/content}-->\n    <\/div>\n    <!--[\/spacer]-->\n\n                        <!--{\/content}-->\n                <\/div>\n            <\/div>\n        <\/div>\n    <!--[\/column]-->\n                        <!--{\/content}-->\n                    <\/div>\n                <\/div>\n            <\/div>\n        <\/div>\n    <!--[\/columns]-->\n\t\t\t\t<!--{\/content}-->\n\t\t\t<\/div>\n\t\t<\/section>\n\t<!--[\/section]-->\n\n","protected":false},"excerpt":{"rendered":"","protected":false},"author":1,"featured_media":0,"parent":0,"menu_order":0,"comment_status":"closed","ping_status":"closed","template":"","meta":[],"_links":{"self":[{"href":"http:\/\/millenium-rj.com\/index.php?rest_route=\/wp\/v2\/pages\/896"}],"collection":[{"href":"http:\/\/millenium-rj.com\/index.php?rest_route=\/wp\/v2\/pages"}],"about":[{"href":"http:\/\/millenium-rj.com\/index.php?rest_route=\/wp\/v2\/types\/page"}],"author":[{"embeddable":true,"href":"http:\/\/millenium-rj.com\/index.php?rest_route=\/wp\/v2\/users\/1"}],"replies":[{"embeddable":true,"href":"http:\/\/millenium-rj.com\/index.php?rest_route=%2Fwp%2Fv2%2Fcomments&post=896"}],"version-history":[{"count":9,"href":"http:\/\/millenium-rj.com\/index.php?rest_route=\/wp\/v2\/pages\/896\/revisions"}],"predecessor-version":[{"id":1082,"href":"http:\/\/millenium-rj.com\/index.php?rest_route=\/wp\/v2\/pages\/896\/revisions\/1082"}],"wp:attachment":[{"href":"http:\/\/millenium-rj.com\/index.php?rest_route=%2Fwp%2Fv2%2Fmedia&parent=896"}],"curies":[{"name":"wp","href":"https:\/\/api.w.org\/{rel}","templated":true}]}}