{"id":848,"date":"2020-07-07T20:15:45","date_gmt":"2020-07-07T20:15:45","guid":{"rendered":"http:\/\/millenium-rj.com\/novo\/?page_id=848"},"modified":"2023-09-14T15:05:36","modified_gmt":"2023-09-14T15:05:36","slug":"quem-somos","status":"publish","type":"page","link":"https:\/\/millenium-rj.com\/?page_id=848","title":{"rendered":"Quem Somos"},"content":{"rendered":"<!--[container_effect]--> <div class=\"container-effect container  bd-containereffect-1467193029 \"><!--{content}-->    <!--[section]-->\n\t\t<style>\n.bd-section-188556889{padding:2em 1em 4em;}\n.bd-section-188556889{\n\ttext-align:  center;\n}\n.bd-section-188556889 h1{\n\tline-height:  68.57142859px;\n\tfont-size:  48px;\n}\n<\/style>\t\t<section id=section4 class=\" bd-section-188556889  bd-tagstyles\" data-section-title=\"One \u0421olumn\">\n\t\t\t<div class=\"bd-container-inner bd-margins clearfix\">\n\t\t\t\t<!--{content}-->\n\t\t\t\t\t    <!--[columns]-->\n        <style>\n.bd-layoutcontainer-1407919815  > .bd-container-inner > .container-fluid:after{display:none;}<\/style><style>\n.bd-layoutcontainer-1407919815 > .bd-container-inner > .container-fluid, .bd-layoutcontainer-1407919815 > .bd-container-inner > .container-fluid > .row{height:100%;}<\/style><style>.bd-layoutcontainer-1407919815 > .bd-container-inner > .container-fluid {padding-left: 0; padding-right: 0;margin-left: 0!important; margin-right: 0!important;}<\/style>                <div class=\" bd-layoutcontainer-1407919815  bd-columns bd-no-margins\">\n            <div class=\"bd-container-inner\">\n                <div class=\"container-fluid\">\n                    <div class=\"row bd-row-flex bd-row-align-middle\">\n                        <!--{content}-->\n                                <!--[column]-->\n        <div class=\"col-xs-12 bd-columnwrapper-523103538\">\n            <div class=\"bd-column  bd-layoutcolumn-523103538 \">\n                <div class=\"bd-vertical-align-wrapper\">\n                    <!--{content}-->\n                            <!--[text]-->\n        <style>\n.additional-class-1333404140{display:inline-block;}\nh1.additional-class-1333404140{\n\ttext-align:  center;\n\ttext-transform:  uppercase;\n\tfont-weight:  bold;\n}\n<\/style>        <h1 class=\" additional-class-1333404140  bd-content-element\">\n            <!--{content}-->\n                quem somos            <!--{\/content}-->\n        <\/h1>\n    <!--[\/text]-->\n\n\t\n\t\t\n    <!--[separator]-->\n    <style>\n.bd-separator-610441213{padding:10px 0px;}<\/style>        <style>\n.bd-separator-610441213 .bd-separator-inner:before, .bd-separator-610441213 .bd-separator-inner:after{border-top:1px dashed #333333;}<\/style>    <style>\n.bd-separator-610441213 .bd-separator-inner{width:45%;}<\/style>\n    <div class=\" bd-separator-610441213  bd-separator-center bd-separator-content-center clearfix\">\n        <div class=\"bd-container-inner\">\n            <div class=\"bd-separator-inner\">\n                                <!--{content}--><!--{\/content}-->\n            <\/div>\n        <\/div>\n    <\/div>\n    <!--[\/separator]-->\n\n    \n\t\n\t\t\n    <!--[spacer]-->\n    <style>\n.bd-spacer-623652146{height:30px;}<\/style>    <div class=\" bd-spacer-623652146  clearfix\">\n        <!--{content}--><!--{\/content}-->\n    <\/div>\n    <!--[\/spacer]-->\n\n    \n\t\n\t\t    <!--[text]-->\n        <style>\n.additional-class-1140296285{\n\ttext-align:  justify;\n}\n<\/style>        <p class=\" additional-class-1140296285  bd-content-element\">\n            <!--{content}-->\n                Fundada em 2009, comprometida com o futuro promissor do mercado varejista a&nbsp;MILLENIUM \u00e9 atual e moderna.Levando ao cliente o diferencial em modernidade, de um jeito alegre, simples e jovial desenvolvendo seus modelos jamais visto no mercado.&nbsp;Nascida de um sonho acalentado e planejado por parceiros e amigos, durante alguns anos, a&nbsp;<strong style=\"font-size: 15px; text-align: justify;\">MILLENIUM&nbsp;<\/strong>surge com o que tem de melhor: a prioriza\u00e7\u00e3o do cliente, as melhores op\u00e7\u00f5es para cada cliente espec\u00edfico, formando e constituindo uma nova filosofia de trabalho e gest\u00e3o administrativa no que diz respeito a marketing visual, objetivando o interesse maior do cliente ao ver seu comercio bem sinalizado.            <!--{\/content}-->\n        <\/p>\n    <!--[\/text]-->\n\n\t\n\t\t\n    <!--[spacer]-->\n    <style>\n.bd-spacer-731522123{height:30px;}<\/style>    <div class=\" bd-spacer-731522123  clearfix\">\n        <!--{content}--><!--{\/content}-->\n    <\/div>\n    <!--[\/spacer]-->\n\n    \n\t\n\t\t    <!--[text]-->\n        <style>\n.additional-class-1060748128{display:inline-block;}\nh2.additional-class-1060748128{\n\tline-height:  68.57142859px;\n\ttext-align:  center;\n\tfont-weight:  bold;\n\tfont-size:  48px;\n\tcolor:  #000000;\n}\n<\/style>        <h2 class=\" additional-class-1060748128  bd-content-element\">\n            <!--{content}-->\n                NOSSA MISS\u00c3O            <!--{\/content}-->\n        <\/h2>\n    <!--[\/text]-->\n\n\t\n\t\t\n    <!--[separator]-->\n    <style>\n.bd-separator-1839874941{padding:10px 0px;}<\/style>        <style>\n.bd-separator-1839874941 .bd-separator-inner:before, .bd-separator-1839874941 .bd-separator-inner:after{border-top:1px dashed #333333;}<\/style>    <style>\n.bd-separator-1839874941 .bd-separator-inner{width:45%;}<\/style>\n    <div class=\" bd-separator-1839874941  bd-separator-center bd-separator-content-center clearfix\">\n        <div class=\"bd-container-inner\">\n            <div class=\"bd-separator-inner\">\n                                <!--{content}--><!--{\/content}-->\n            <\/div>\n        <\/div>\n    <\/div>\n    <!--[\/separator]-->\n\n    \n\t\n\t\t\n    <!--[spacer]-->\n    <style>\n.bd-spacer-163095558{height:30px;}<\/style>    <div class=\" bd-spacer-163095558  clearfix\">\n        <!--{content}--><!--{\/content}-->\n    <\/div>\n    <!--[\/spacer]-->\n\n    \n\t\n\t\t    <!--[text]-->\n        <style>\n.additional-class-1313309705{\n\ttext-align:  justify;\n}\n<\/style>        <p class=\" additional-class-1313309705  bd-content-element\">\n            <!--{content}-->\n                Assim como um artista encara uma tela em branco uma nova possibilidade de criar e se superar, encaramos no papel o privil\u00e9gio de dar vida para que a sua loja receba a mesma vida e alegria. Buscando solu\u00e7\u00f5es inovadoras para os desafios de cada dia, nossa maior miss\u00e3o \u00e9 exaltar a sua empresa, o seu produto, o seu servi\u00e7o, aumentar as suas vendas e sua estrat\u00e9gia de marketing. Com isso voc\u00ea est\u00e1 diante de um novo parceiro.<strong style=\"font-size: 15px;\">Voc\u00ea esta diante da<\/strong>&nbsp;<strong style=\"font-size: 15px;\">MILLENIUM!&nbsp;<\/strong>Buscamos identificar as necessidades de cada cliente, atendendo de forma humana, eficaz e objetiva, fazendo assim com que ele se sinta especial e \u00fanico, desde o primeiro contato com a nossa empresa at\u00e9 a finaliza\u00e7\u00e3o do atendimento. A&nbsp;<strong style=\"font-size: 15px;\">MILLENIUM<\/strong>, faz a sua estr\u00e9ia no mercado com uma nova vis\u00e3o e filosofia de atendimento \u00e0 seus clientes.N\u00e3o teria uma frase melhor para definir miss\u00e3o: \u201cDamos vida e beleza ao papel\u201d            <!--{\/content}-->\n        <\/p>\n    <!--[\/text]-->\n                    <!--{\/content}-->\n                <\/div>\n            <\/div>\n        <\/div>\n    <!--[\/column]-->\n                        <!--{\/content}-->\n                    <\/div>\n                <\/div>\n            <\/div>\n        <\/div>\n    <!--[\/columns]-->\n\t\t\t\t<!--{\/content}-->\n\t\t\t<\/div>\n\t\t<\/section>\n\t<!--[\/section]-->\n<!--{\/content}--><\/div><!--[\/container_effect]-->\n","protected":false},"excerpt":{"rendered":"","protected":false},"author":1,"featured_media":0,"parent":0,"menu_order":0,"comment_status":"closed","ping_status":"closed","template":"","meta":[],"_links":{"self":[{"href":"https:\/\/millenium-rj.com\/index.php?rest_route=\/wp\/v2\/pages\/848"}],"collection":[{"href":"https:\/\/millenium-rj.com\/index.php?rest_route=\/wp\/v2\/pages"}],"about":[{"href":"https:\/\/millenium-rj.com\/index.php?rest_route=\/wp\/v2\/types\/page"}],"author":[{"embeddable":true,"href":"https:\/\/millenium-rj.com\/index.php?rest_route=\/wp\/v2\/users\/1"}],"replies":[{"embeddable":true,"href":"https:\/\/millenium-rj.com\/index.php?rest_route=%2Fwp%2Fv2%2Fcomments&post=848"}],"version-history":[{"count":21,"href":"https:\/\/millenium-rj.com\/index.php?rest_route=\/wp\/v2\/pages\/848\/revisions"}],"predecessor-version":[{"id":1149,"href":"https:\/\/millenium-rj.com\/index.php?rest_route=\/wp\/v2\/pages\/848\/revisions\/1149"}],"wp:attachment":[{"href":"https:\/\/millenium-rj.com\/index.php?rest_route=%2Fwp%2Fv2%2Fmedia&parent=848"}],"curies":[{"name":"wp","href":"https:\/\/api.w.org\/{rel}","templated":true}]}}